{"id":101,"date":"2014-01-25T16:29:17","date_gmt":"2014-01-25T22:29:17","guid":{"rendered":"http:\/\/www.sanchezconsultores.com.mx\/?page_id=101"},"modified":"2014-04-01T14:29:58","modified_gmt":"2014-04-01T20:29:58","slug":"administrativo","status":"publish","type":"page","link":"https:\/\/www.sanchezconsultores.com.mx\/?page_id=101","title":{"rendered":"Administrativo"},"content":{"rendered":"<style type=\"text\/css\">\n.sanchez {\nfont-size:20px;\nfont-style: normal;\ncolor: #ffffff;\nbackground-color: #000000;\nfont-family: Poiret One;\nfont-weight: normal;\n}<\/p>\n<p>.sanchezT {\ncolor: #ffffff;\nfont-style: bold;\nbackground-color: #000000;\nfont-family: Poiret One;\n}\n.espacio{\ncolor: #000000;\nbackground-color: #000000;\n}\n<\/style>\n<h3 class=\"sanchez\">S\u00e1nchez &amp; S\u00e1nchez, te brinda consultor\u00eda eficiente y eficaz para atender los procesos administrativos de verificaci\u00f3n e imposici\u00f3n de multas que las autoridades federales, estatales y municipales pueden efectuar en tu negocio.<\/p>\n<\/h3>\n<h3 class=\"sanchez\">Te ayudamos a que tu negocio cumpla con las disposiciones tales como: licencias, permisos, impuestos y derechos.<\/h3>\n<h3 class=\"sanchez\"><a href=\"http:\/\/www.sanchezconsultores.com.mx\/?page_id=42\" title=\"\u00c1reas de practica\">Regresar<\/a><\/h3>\n","protected":false},"excerpt":{"rendered":"<p>S\u00e1nchez &amp; S\u00e1nchez, te brinda consultor\u00eda eficiente y eficaz para atender los procesos administrativos de verificaci\u00f3n e imposici\u00f3n de multas que las autoridades federales, estatales y municipales pueden efectuar en tu negocio. Te ayudamos a que tu negocio cumpla con las disposiciones tales como: licencias, permisos, impuestos y derechos. Regresar<\/p>\n","protected":false},"author":1,"featured_media":0,"parent":42,"menu_order":6,"comment_status":"closed","ping_status":"closed","template":"","meta":{"footnotes":""},"class_list":["post-101","page","type-page","status-publish","hentry"],"_links":{"self":[{"href":"https:\/\/www.sanchezconsultores.com.mx\/index.php?rest_route=\/wp\/v2\/pages\/101","targetHints":{"allow":["GET"]}}],"collection":[{"href":"https:\/\/www.sanchezconsultores.com.mx\/index.php?rest_route=\/wp\/v2\/pages"}],"about":[{"href":"https:\/\/www.sanchezconsultores.com.mx\/index.php?rest_route=\/wp\/v2\/types\/page"}],"author":[{"embeddable":true,"href":"https:\/\/www.sanchezconsultores.com.mx\/index.php?rest_route=\/wp\/v2\/users\/1"}],"replies":[{"embeddable":true,"href":"https:\/\/www.sanchezconsultores.com.mx\/index.php?rest_route=%2Fwp%2Fv2%2Fcomments&post=101"}],"version-history":[{"count":9,"href":"https:\/\/www.sanchezconsultores.com.mx\/index.php?rest_route=\/wp\/v2\/pages\/101\/revisions"}],"predecessor-version":[{"id":295,"href":"https:\/\/www.sanchezconsultores.com.mx\/index.php?rest_route=\/wp\/v2\/pages\/101\/revisions\/295"}],"up":[{"embeddable":true,"href":"https:\/\/www.sanchezconsultores.com.mx\/index.php?rest_route=\/wp\/v2\/pages\/42"}],"wp:attachment":[{"href":"https:\/\/www.sanchezconsultores.com.mx\/index.php?rest_route=%2Fwp%2Fv2%2Fmedia&parent=101"}],"curies":[{"name":"wp","href":"https:\/\/api.w.org\/{rel}","templated":true}]}}