{"id":4,"date":"2014-01-22T06:46:25","date_gmt":"2014-01-22T06:46:25","guid":{"rendered":"http:\/\/www.sanchezconsultores.com.mx\/contact\/"},"modified":"2017-11-11T20:35:50","modified_gmt":"2017-11-12T02:35:50","slug":"contact","status":"publish","type":"page","link":"https:\/\/www.sanchezconsultores.com.mx\/?page_id=4","title":{"rendered":"Consultores"},"content":{"rendered":"<style type=\"text\/css\">\n.sanchez {\nfont-size:20px;\nfont-style: normal;\ncolor: #ffffff;\nbackground-color: #000000;\nfont-family: Poiret One;\nfont-weight: normal;\n}<\/p>\n<p>.sanchezT {\ncolor: #ffffff;\nfont-style: bold;\nbackground-color: #000000;\nfont-family: Poiret One;\n}\n.espacio{\ncolor: #000000;\nbackground-color: #000000;\n}\n<\/style>\n<h2 class=\"sanchezT\"><strong>Pastor Alejandro S\u00e1nchez Llerenas<\/strong><\/h2>\n<\/p>\n<h3 class=\"sanchez\"><strong>pastor.sanchez@sanchezconsultores.com.mx<\/strong> <\/h3>\n<\/p>\n<h4>M\u00f3vil. +52 313 102 0582<\/h4>\n<h3><strong>Educaci\u00f3n<\/h3>\n<p><\/strong><\/p>\n<h4>Maestr\u00eda en Derecho Fiscal, por la Universidad de la Am\u00e9ricas Pueblas.<br \/>\nMaestr\u00eda en Administraci\u00f3n de Negocios, por la Universidad TecMilenio del Sistema del Tec de Monterrey.<br \/>\nLicenciatura en Derecho, por el IEST de la Universidad Aut\u00f3noma de Guadalajara.<\/h4>\n<h3><strong>Carrera Profesional<\/h3>\n<p><\/strong><\/p>\n<h4>Profesor de la Maestr\u00eda de Administraci\u00f3n de la Universidad TecMilenio, Campus Colima, 2017<br \/>\nGerente del Departamento Legal y de Capital Humano de Embotelladora de Tecom\u00e1n, S.A. de C.V., 2005-2017.<\/h4>\n<h3><strong>Idiomas<\/h3>\n<p><\/strong><\/p>\n<h4>Espa\u00f1ol.<\/h4>\n<\/p>\n<p><\/br><br \/>\n<\/br><\/p>\n<h2 class=\"sanchezT\"><strong>Isis Carmen S\u00e1nchez Llerenas<\/strong><\/h2>\n<\/p>\n<h3 class=\"sanchez\"><strong>Isis.sanchez@sanchezconsultores.com.mx<\/strong> <\/h3>\n<\/p>\n<h4>M\u00f3vil. +52 313 106 5314<\/h4>\n<\/p>\n<h3><strong>Educaci\u00f3n<\/h3>\n<p><\/strong><\/p>\n<h4>Licencia den Derecho, por la Universidad de Colima.<br \/>\nEstudios de Maestr\u00eda en Fiscal por la UNIVA<\/h4>\n<h3><strong>Carrera Profesional<\/h3>\n<p><\/strong><\/p>\n<h4>Asesora Jur\u00eddica de Cabildos 2006-2009.<br \/>\nSub directora Jur\u00eddica del Ayuntamiento de Tecom\u00e1n, 2003-2006 y 2010-2012.<br \/>\nAsesora Jur\u00eddica del Senado de la Rep\u00fablica 2009-2010.<\/h4>\n<\/p>\n<h3><strong>Idiomas<\/h3>\n<p><\/strong><\/p>\n<h4>Espa\u00f1ol e ingles.<\/h4><\/p>\n","protected":false},"excerpt":{"rendered":"<p>Pastor Alejandro S\u00e1nchez Llerenas pastor.sanchez@sanchezconsultores.com.mx M\u00f3vil. +52 313 102 0582 Educaci\u00f3n Maestr\u00eda en Derecho Fiscal, por la Universidad de la Am\u00e9ricas Pueblas. Maestr\u00eda en Administraci\u00f3n de Negocios, por la Universidad TecMilenio del Sistema del Tec de Monterrey. Licenciatura en Derecho, por el IEST de la Universidad Aut\u00f3noma de Guadalajara. Carrera Profesional Profesor de la Maestr\u00eda &hellip; <\/p>\n<p class=\"link-more\"><a href=\"https:\/\/www.sanchezconsultores.com.mx\/?page_id=4\" class=\"more-link\">Continuar leyendo<span class=\"screen-reader-text\"> \u00abConsultores\u00bb<\/span><\/a><\/p>\n","protected":false},"author":1,"featured_media":74,"parent":0,"menu_order":3,"comment_status":"closed","ping_status":"closed","template":"","meta":{"footnotes":""},"class_list":["post-4","page","type-page","status-publish","has-post-thumbnail","hentry"],"_links":{"self":[{"href":"https:\/\/www.sanchezconsultores.com.mx\/index.php?rest_route=\/wp\/v2\/pages\/4","targetHints":{"allow":["GET"]}}],"collection":[{"href":"https:\/\/www.sanchezconsultores.com.mx\/index.php?rest_route=\/wp\/v2\/pages"}],"about":[{"href":"https:\/\/www.sanchezconsultores.com.mx\/index.php?rest_route=\/wp\/v2\/types\/page"}],"author":[{"embeddable":true,"href":"https:\/\/www.sanchezconsultores.com.mx\/index.php?rest_route=\/wp\/v2\/users\/1"}],"replies":[{"embeddable":true,"href":"https:\/\/www.sanchezconsultores.com.mx\/index.php?rest_route=%2Fwp%2Fv2%2Fcomments&post=4"}],"version-history":[{"count":62,"href":"https:\/\/www.sanchezconsultores.com.mx\/index.php?rest_route=\/wp\/v2\/pages\/4\/revisions"}],"predecessor-version":[{"id":313,"href":"https:\/\/www.sanchezconsultores.com.mx\/index.php?rest_route=\/wp\/v2\/pages\/4\/revisions\/313"}],"wp:featuredmedia":[{"embeddable":true,"href":"https:\/\/www.sanchezconsultores.com.mx\/index.php?rest_route=\/wp\/v2\/media\/74"}],"wp:attachment":[{"href":"https:\/\/www.sanchezconsultores.com.mx\/index.php?rest_route=%2Fwp%2Fv2%2Fmedia&parent=4"}],"curies":[{"name":"wp","href":"https:\/\/api.w.org\/{rel}","templated":true}]}}