{"id":42,"date":"2014-01-22T23:02:50","date_gmt":"2014-01-23T05:02:50","guid":{"rendered":"http:\/\/www.sanchezconsultores.com.mx\/?page_id=42"},"modified":"2014-04-03T09:32:50","modified_gmt":"2014-04-03T15:32:50","slug":"areas-de-practica","status":"publish","type":"page","link":"https:\/\/www.sanchezconsultores.com.mx\/?page_id=42","title":{"rendered":"\u00c1reas de practica"},"content":{"rendered":"<style type=\"text\/css\">\n.sanchez {\nfont-size:20px;\nfont-style: normal;\ncolor: #ffffff;\nbackground-color: #000000;\nfont-family: Poiret One;\nfont-weight: normal;\n}<\/p>\n<p>.sanchezT {\ncolor: #ffffff;\nfont-style: bold;\nbackground-color: #000000;\nfont-family: Poiret One;\nfont-weight: bolder;\n}\n.espacio{\ncolor: #000000;\nbackground-color: #000000;\nfont-size:14px;\n}\n<\/style>\n<h3 class=\"sanchezT\"><span><a href=\"http:\/\/www.sanchezconsultores.com.mx\/?page_id=63\"><span>Corporativo.<\/span><\/a><\/span><\/p>\n<\/h3>\n<h3 class=\"sanchezT\"><span ><a href=\"http:\/\/www.sanchezconsultores.com.mx\/?page_id=48\"><span>Derecho Laboral.<\/span><\/a><\/span><\/p>\n<\/h3>\n<h3 class=\"sanchezT\"><span><a href=\"http:\/\/www.sanchezconsultores.com.mx\/?page_id=51\"><span>Litigio.<\/span><\/a><\/span><\/p>\n<\/h3>\n<h3 class=\"sanchezT\"><span><a href=\"http:\/\/www.sanchezconsultores.com.mx\/?page_id=53\"><span>Planeaci\u00f3n estrat\u00e9gica y administraci\u00f3n.<\/span><\/a><\/span><\/p>\n<\/h3>\n<h3 class=\"sanchezT\"><span><a href=\"http:\/\/www.sanchezconsultores.com.mx\/?page_id=56\"><span>Seguridad Social e Infonavit.<\/span><\/a><\/span><\/p>\n<\/h3>\n<h3 class=\"sanchezT\"><span><a href=\"http:\/\/www.sanchezconsultores.com.mx\/?page_id=58\"><span>Derecho fiscal.<\/span><\/a><\/span><\/p>\n<\/h3>\n<h3 class=\"sanchezT\"><span>\u00a0<a title=\"Administrativo\" href=\"http:\/\/www.sanchezconsultores.com.mx\/?page_id=101\"><span>Administrativo.<\/span><\/a><\/span><\/p>\n<\/h3>\n","protected":false},"excerpt":{"rendered":"<p>Corporativo. Derecho Laboral. Litigio. Planeaci\u00f3n estrat\u00e9gica y administraci\u00f3n. Seguridad Social e Infonavit. Derecho fiscal. \u00a0Administrativo.<\/p>\n","protected":false},"author":1,"featured_media":73,"parent":0,"menu_order":2,"comment_status":"closed","ping_status":"closed","template":"","meta":{"footnotes":""},"class_list":["post-42","page","type-page","status-publish","has-post-thumbnail","hentry"],"_links":{"self":[{"href":"https:\/\/www.sanchezconsultores.com.mx\/index.php?rest_route=\/wp\/v2\/pages\/42","targetHints":{"allow":["GET"]}}],"collection":[{"href":"https:\/\/www.sanchezconsultores.com.mx\/index.php?rest_route=\/wp\/v2\/pages"}],"about":[{"href":"https:\/\/www.sanchezconsultores.com.mx\/index.php?rest_route=\/wp\/v2\/types\/page"}],"author":[{"embeddable":true,"href":"https:\/\/www.sanchezconsultores.com.mx\/index.php?rest_route=\/wp\/v2\/users\/1"}],"replies":[{"embeddable":true,"href":"https:\/\/www.sanchezconsultores.com.mx\/index.php?rest_route=%2Fwp%2Fv2%2Fcomments&post=42"}],"version-history":[{"count":17,"href":"https:\/\/www.sanchezconsultores.com.mx\/index.php?rest_route=\/wp\/v2\/pages\/42\/revisions"}],"predecessor-version":[{"id":309,"href":"https:\/\/www.sanchezconsultores.com.mx\/index.php?rest_route=\/wp\/v2\/pages\/42\/revisions\/309"}],"wp:featuredmedia":[{"embeddable":true,"href":"https:\/\/www.sanchezconsultores.com.mx\/index.php?rest_route=\/wp\/v2\/media\/73"}],"wp:attachment":[{"href":"https:\/\/www.sanchezconsultores.com.mx\/index.php?rest_route=%2Fwp%2Fv2%2Fmedia&parent=42"}],"curies":[{"name":"wp","href":"https:\/\/api.w.org\/{rel}","templated":true}]}}