{"id":48,"date":"2014-01-22T23:07:35","date_gmt":"2014-01-23T05:07:35","guid":{"rendered":"http:\/\/www.sanchezconsultores.com.mx\/?page_id=48"},"modified":"2014-04-01T14:52:00","modified_gmt":"2014-04-01T20:52:00","slug":"laboral","status":"publish","type":"page","link":"https:\/\/www.sanchezconsultores.com.mx\/?page_id=48","title":{"rendered":"Laboral"},"content":{"rendered":"<style type=\"text\/css\">\n.sanchez {\nfont-size:20px;\nfont-style: normal;\ncolor: #ffffff;\nbackground-color: #000000;\nfont-family: Poiret One;\nfont-weight: normal;\n}<\/p>\n<p>.sanchezT {\ncolor: #ffffff;\nfont-style: bold;\nbackground-color: #000000;\nfont-family: Poiret One;\n}\n.espacio{\ncolor: #000000;\nbackground-color: #000000;\n}\n<\/style>\n<h3 class=\"sanchez\">\nUna inadecuada estructura legal colectiva puede poner en riesgo el \u00e9xito de tu negocio. S\u00e1nchez &amp; S\u00e1nchez, te ayuda a dise\u00f1ar la debida estructura legal en tu contrato colectivo, en tu reglamento interior y tus comisiones convirti\u00e9ndolas en herramientas para la productividad y asegurando la obtenci\u00f3n de un mayor beneficio al recurso m\u00e1s oneroso de tu operaci\u00f3n.<\/p>\n<\/h3>\n<h3 class=\"sanchez\">Te ayudamos a disminuir el riesgo de demandas laborales dise\u00f1ando un plan adecuado de compensaciones, contratos laborales individuales y procesos de egreso de personal apropiados.<\/p>\n<\/h3>\n<h3 class=\"sanchez\"><a href=\"http:\/\/www.sanchezconsultores.com.mx\/?page_id=42\" title=\"\u00c1reas de practica\">Regresar<\/a><\/h3>\n","protected":false},"excerpt":{"rendered":"<p>Una inadecuada estructura legal colectiva puede poner en riesgo el \u00e9xito de tu negocio. S\u00e1nchez &amp; S\u00e1nchez, te ayuda a dise\u00f1ar la debida estructura legal en tu contrato colectivo, en tu reglamento interior y tus comisiones convirti\u00e9ndolas en herramientas para la productividad y asegurando la obtenci\u00f3n de un mayor beneficio al recurso m\u00e1s oneroso de &hellip; <\/p>\n<p class=\"link-more\"><a href=\"https:\/\/www.sanchezconsultores.com.mx\/?page_id=48\" class=\"more-link\">Continuar leyendo<span class=\"screen-reader-text\"> \u00abLaboral\u00bb<\/span><\/a><\/p>\n","protected":false},"author":1,"featured_media":0,"parent":42,"menu_order":4,"comment_status":"closed","ping_status":"closed","template":"","meta":{"footnotes":""},"class_list":["post-48","page","type-page","status-publish","hentry"],"_links":{"self":[{"href":"https:\/\/www.sanchezconsultores.com.mx\/index.php?rest_route=\/wp\/v2\/pages\/48","targetHints":{"allow":["GET"]}}],"collection":[{"href":"https:\/\/www.sanchezconsultores.com.mx\/index.php?rest_route=\/wp\/v2\/pages"}],"about":[{"href":"https:\/\/www.sanchezconsultores.com.mx\/index.php?rest_route=\/wp\/v2\/types\/page"}],"author":[{"embeddable":true,"href":"https:\/\/www.sanchezconsultores.com.mx\/index.php?rest_route=\/wp\/v2\/users\/1"}],"replies":[{"embeddable":true,"href":"https:\/\/www.sanchezconsultores.com.mx\/index.php?rest_route=%2Fwp%2Fv2%2Fcomments&post=48"}],"version-history":[{"count":13,"href":"https:\/\/www.sanchezconsultores.com.mx\/index.php?rest_route=\/wp\/v2\/pages\/48\/revisions"}],"predecessor-version":[{"id":293,"href":"https:\/\/www.sanchezconsultores.com.mx\/index.php?rest_route=\/wp\/v2\/pages\/48\/revisions\/293"}],"up":[{"embeddable":true,"href":"https:\/\/www.sanchezconsultores.com.mx\/index.php?rest_route=\/wp\/v2\/pages\/42"}],"wp:attachment":[{"href":"https:\/\/www.sanchezconsultores.com.mx\/index.php?rest_route=%2Fwp%2Fv2%2Fmedia&parent=48"}],"curies":[{"name":"wp","href":"https:\/\/api.w.org\/{rel}","templated":true}]}}