{"id":51,"date":"2014-01-23T18:30:20","date_gmt":"2014-01-24T00:30:20","guid":{"rendered":"http:\/\/www.sanchezconsultores.com.mx\/?page_id=51"},"modified":"2014-04-01T14:49:20","modified_gmt":"2014-04-01T20:49:20","slug":"litigio","status":"publish","type":"page","link":"https:\/\/www.sanchezconsultores.com.mx\/?page_id=51","title":{"rendered":"Litigio"},"content":{"rendered":"<style type=\"text\/css\">\n.sanchez {\nfont-size:20px;\nfont-style: normal;\ncolor: #ffffff;\nbackground-color: #000000;\nfont-family: Poiret One;\nfont-weight: normal;\n}<\/p>\n<p>.sanchezT {\ncolor: #ffffff;\nfont-style: bold;\nbackground-color: #000000;\nfont-family: Poiret One;\n}\n.espacio{\ncolor: #000000;\nbackground-color: #000000;\n}\n<\/style>\n<h3 class=\"sanchez\">Asesor\u00eda jur\u00eddica ante Autoridades Administrativas, Autoridades Jurisdiccionales: Juzgados, Tribunales Federales y Juntas de Conciliaci\u00f3n.<\/h3>\n<\/p>\n<h3 class=\"sanchez\">S\u00e1nchez &amp; S\u00e1nchez protegemos los intereses de su negocio frente a terceros y ante el actuar de las autoridades.<\/h3>\n<\/p>\n<h3 class=\"sanchez\">Estrategias exitosas en los procesos administrativos que provengan de cualquier tipo de autoridad federal o local; as\u00ed como juicios judiciales federales y administrativos, juicios contenciosos administrativos; dise\u00f1ando adem\u00e1s las acciones constitucionales que se requieran para una defensa eficaz.<\/h3>\n<\/p>\n<h3 class=\"sanchez\"><a href=\"http:\/\/www.sanchezconsultores.com.mx\/?page_id=42\" title=\"\u00c1reas de practica\">Regresar<\/a><\/h3>\n","protected":false},"excerpt":{"rendered":"<p>Asesor\u00eda jur\u00eddica ante Autoridades Administrativas, Autoridades Jurisdiccionales: Juzgados, Tribunales Federales y Juntas de Conciliaci\u00f3n. S\u00e1nchez &amp; S\u00e1nchez protegemos los intereses de su negocio frente a terceros y ante el actuar de las autoridades. Estrategias exitosas en los procesos administrativos que provengan de cualquier tipo de autoridad federal o local; as\u00ed como juicios judiciales federales y &hellip; <\/p>\n<p class=\"link-more\"><a href=\"https:\/\/www.sanchezconsultores.com.mx\/?page_id=51\" class=\"more-link\">Continuar leyendo<span class=\"screen-reader-text\"> \u00abLitigio\u00bb<\/span><\/a><\/p>\n","protected":false},"author":1,"featured_media":0,"parent":42,"menu_order":3,"comment_status":"closed","ping_status":"closed","template":"","meta":{"footnotes":""},"class_list":["post-51","page","type-page","status-publish","hentry"],"_links":{"self":[{"href":"https:\/\/www.sanchezconsultores.com.mx\/index.php?rest_route=\/wp\/v2\/pages\/51","targetHints":{"allow":["GET"]}}],"collection":[{"href":"https:\/\/www.sanchezconsultores.com.mx\/index.php?rest_route=\/wp\/v2\/pages"}],"about":[{"href":"https:\/\/www.sanchezconsultores.com.mx\/index.php?rest_route=\/wp\/v2\/types\/page"}],"author":[{"embeddable":true,"href":"https:\/\/www.sanchezconsultores.com.mx\/index.php?rest_route=\/wp\/v2\/users\/1"}],"replies":[{"embeddable":true,"href":"https:\/\/www.sanchezconsultores.com.mx\/index.php?rest_route=%2Fwp%2Fv2%2Fcomments&post=51"}],"version-history":[{"count":12,"href":"https:\/\/www.sanchezconsultores.com.mx\/index.php?rest_route=\/wp\/v2\/pages\/51\/revisions"}],"predecessor-version":[{"id":292,"href":"https:\/\/www.sanchezconsultores.com.mx\/index.php?rest_route=\/wp\/v2\/pages\/51\/revisions\/292"}],"up":[{"embeddable":true,"href":"https:\/\/www.sanchezconsultores.com.mx\/index.php?rest_route=\/wp\/v2\/pages\/42"}],"wp:attachment":[{"href":"https:\/\/www.sanchezconsultores.com.mx\/index.php?rest_route=%2Fwp%2Fv2%2Fmedia&parent=51"}],"curies":[{"name":"wp","href":"https:\/\/api.w.org\/{rel}","templated":true}]}}