{"id":53,"date":"2014-01-23T19:02:42","date_gmt":"2014-01-24T01:02:42","guid":{"rendered":"http:\/\/www.sanchezconsultores.com.mx\/?page_id=53"},"modified":"2014-04-01T14:24:22","modified_gmt":"2014-04-01T20:24:22","slug":"planeacion-estrategica-y-administracion","status":"publish","type":"page","link":"https:\/\/www.sanchezconsultores.com.mx\/?page_id=53","title":{"rendered":"Planeaci\u00f3n estrat\u00e9gica y administraci\u00f3n"},"content":{"rendered":"<style type=\"text\/css\">\n.sanchez {\nfont-size:20px;\nfont-style: normal;\ncolor: #ffffff;\nbackground-color: #000000;\nfont-family: Poiret One;\nfont-weight: normal;\ntext-align:left;\n}<\/p>\n<p>.sanchezT {\ncolor: #ffffff;\nfont-style: bold;\nbackground-color: #000000;\nfont-family: Poiret One;\n}\n.espacio{\ncolor: #000000;\nbackground-color: #000000;\n}\n<\/style>\n<h3 class=\"sanchez\">Todo negocio exitoso requiere una planeaci\u00f3n estrat\u00e9gica adecuada.<\/p>\n<\/h3>\n<h3 class=\"sanchez\">S\u00e1nchez &amp; S\u00e1nchez, te asesoran en la correcta definici\u00f3n de tu marco conceptual adecu\u00e1ndolo al prop\u00f3sito de la organizaci\u00f3n y sus caracter\u00edsticas. Dise\u00f1amos las medidas necesarias para la administraci\u00f3n adecuada de los recursos financieros, humanos y materiales, garantizando con esto la viabilidad del negocio.<\/p>\n<\/h3>\n<h3 class=\"sanchez\">Te damos soporte para el dise\u00f1o adecuado de la estructura humana y con \u00e9ste los flujos de informaci\u00f3n que fundamenten todo el plan de negocios.<\/p>\n<\/h3>\n<h3 class=\"sanchez\"><a href=\"http:\/\/www.sanchezconsultores.com.mx\/?page_id=42\" title=\"\u00c1reas de practica\">Regresar<\/a><\/h3>\n","protected":false},"excerpt":{"rendered":"<p>Todo negocio exitoso requiere una planeaci\u00f3n estrat\u00e9gica adecuada. S\u00e1nchez &amp; S\u00e1nchez, te asesoran en la correcta definici\u00f3n de tu marco conceptual adecu\u00e1ndolo al prop\u00f3sito de la organizaci\u00f3n y sus caracter\u00edsticas. Dise\u00f1amos las medidas necesarias para la administraci\u00f3n adecuada de los recursos financieros, humanos y materiales, garantizando con esto la viabilidad del negocio. Te damos soporte &hellip; <\/p>\n<p class=\"link-more\"><a href=\"https:\/\/www.sanchezconsultores.com.mx\/?page_id=53\" class=\"more-link\">Continuar leyendo<span class=\"screen-reader-text\"> \u00abPlaneaci\u00f3n estrat\u00e9gica y administraci\u00f3n\u00bb<\/span><\/a><\/p>\n","protected":false},"author":1,"featured_media":0,"parent":42,"menu_order":7,"comment_status":"closed","ping_status":"closed","template":"","meta":{"footnotes":""},"class_list":["post-53","page","type-page","status-publish","hentry"],"_links":{"self":[{"href":"https:\/\/www.sanchezconsultores.com.mx\/index.php?rest_route=\/wp\/v2\/pages\/53","targetHints":{"allow":["GET"]}}],"collection":[{"href":"https:\/\/www.sanchezconsultores.com.mx\/index.php?rest_route=\/wp\/v2\/pages"}],"about":[{"href":"https:\/\/www.sanchezconsultores.com.mx\/index.php?rest_route=\/wp\/v2\/types\/page"}],"author":[{"embeddable":true,"href":"https:\/\/www.sanchezconsultores.com.mx\/index.php?rest_route=\/wp\/v2\/users\/1"}],"replies":[{"embeddable":true,"href":"https:\/\/www.sanchezconsultores.com.mx\/index.php?rest_route=%2Fwp%2Fv2%2Fcomments&post=53"}],"version-history":[{"count":7,"href":"https:\/\/www.sanchezconsultores.com.mx\/index.php?rest_route=\/wp\/v2\/pages\/53\/revisions"}],"predecessor-version":[{"id":317,"href":"https:\/\/www.sanchezconsultores.com.mx\/index.php?rest_route=\/wp\/v2\/pages\/53\/revisions\/317"}],"up":[{"embeddable":true,"href":"https:\/\/www.sanchezconsultores.com.mx\/index.php?rest_route=\/wp\/v2\/pages\/42"}],"wp:attachment":[{"href":"https:\/\/www.sanchezconsultores.com.mx\/index.php?rest_route=%2Fwp%2Fv2%2Fmedia&parent=53"}],"curies":[{"name":"wp","href":"https:\/\/api.w.org\/{rel}","templated":true}]}}