{"id":56,"date":"2014-01-23T19:14:14","date_gmt":"2014-01-24T01:14:14","guid":{"rendered":"http:\/\/www.sanchezconsultores.com.mx\/?page_id=56"},"modified":"2014-04-01T14:54:10","modified_gmt":"2014-04-01T20:54:10","slug":"seguridad-social-e-infonavit","status":"publish","type":"page","link":"https:\/\/www.sanchezconsultores.com.mx\/?page_id=56","title":{"rendered":"Seguridad Social e Infonavit"},"content":{"rendered":"<style type=\"text\/css\">\n.sanchez {\nfont-size:20px;\nfont-style: normal;\ncolor: #ffffff;\nbackground-color: #000000;\nfont-family: Poiret One;\nfont-weight: normal;\n}<\/p>\n<p>.sanchezT {\ncolor: #ffffff;\nfont-style: bold;\nbackground-color: #000000;\nfont-family: Poiret One;\n}\n.espacio{\ncolor: #000000;\nbackground-color: #000000;\n}\n<\/style>\n<h3 class=\"sanchez\">\nEl entramado legal que rige la Seguridad Social implica una estrecha relaci\u00f3n fiscal y laboral.<\/br> S\u00e1nchez &amp; S\u00e1nchez, te asesora en:<\/br><\/h3>\n<\/p>\n<h4>\n<ul>\n<li>\n<style=\"text-align: justify;\">El cumplimiento de las obligaciones que se tiene.\n<\/li>\n<p><\/p>\n<li>\n<style=\"text-align: justify;\">En el dise\u00f1o de tu plan de compensaciones abarcando los aspectos fiscales, laborales y de seguridad social.\n<\/li>\n<p><\/p>\n<li>\n<style=\"text-align: justify;\">Atender de manera puntual los procesos de verificaci\u00f3n que se ejecutan en tu negocio.\n<\/li>\n<p><\/p>\n<li>\n<style=\"text-align: justify;\">Atender los procesos de recursos administrativos.\n<\/ul>\n<\/h4>\n<h3 class=\"sanchez\"><a href=\"http:\/\/www.sanchezconsultores.com.mx\/?page_id=42\" title=\"\u00c1reas de practica\">Regresar<\/a><\/h3>\n","protected":false},"excerpt":{"rendered":"<p>El entramado legal que rige la Seguridad Social implica una estrecha relaci\u00f3n fiscal y laboral. S\u00e1nchez &amp; S\u00e1nchez, te asesora en: El cumplimiento de las obligaciones que se tiene. En el dise\u00f1o de tu plan de compensaciones abarcando los aspectos fiscales, laborales y de seguridad social. Atender de manera puntual los procesos de verificaci\u00f3n que &hellip; <\/p>\n<p class=\"link-more\"><a href=\"https:\/\/www.sanchezconsultores.com.mx\/?page_id=56\" class=\"more-link\">Continuar leyendo<span class=\"screen-reader-text\"> \u00abSeguridad Social e Infonavit\u00bb<\/span><\/a><\/p>\n","protected":false},"author":1,"featured_media":0,"parent":42,"menu_order":5,"comment_status":"closed","ping_status":"closed","template":"","meta":{"footnotes":""},"class_list":["post-56","page","type-page","status-publish","hentry"],"_links":{"self":[{"href":"https:\/\/www.sanchezconsultores.com.mx\/index.php?rest_route=\/wp\/v2\/pages\/56","targetHints":{"allow":["GET"]}}],"collection":[{"href":"https:\/\/www.sanchezconsultores.com.mx\/index.php?rest_route=\/wp\/v2\/pages"}],"about":[{"href":"https:\/\/www.sanchezconsultores.com.mx\/index.php?rest_route=\/wp\/v2\/types\/page"}],"author":[{"embeddable":true,"href":"https:\/\/www.sanchezconsultores.com.mx\/index.php?rest_route=\/wp\/v2\/users\/1"}],"replies":[{"embeddable":true,"href":"https:\/\/www.sanchezconsultores.com.mx\/index.php?rest_route=%2Fwp%2Fv2%2Fcomments&post=56"}],"version-history":[{"count":16,"href":"https:\/\/www.sanchezconsultores.com.mx\/index.php?rest_route=\/wp\/v2\/pages\/56\/revisions"}],"predecessor-version":[{"id":294,"href":"https:\/\/www.sanchezconsultores.com.mx\/index.php?rest_route=\/wp\/v2\/pages\/56\/revisions\/294"}],"up":[{"embeddable":true,"href":"https:\/\/www.sanchezconsultores.com.mx\/index.php?rest_route=\/wp\/v2\/pages\/42"}],"wp:attachment":[{"href":"https:\/\/www.sanchezconsultores.com.mx\/index.php?rest_route=%2Fwp%2Fv2%2Fmedia&parent=56"}],"curies":[{"name":"wp","href":"https:\/\/api.w.org\/{rel}","templated":true}]}}