{"id":58,"date":"2014-01-23T19:15:29","date_gmt":"2014-01-24T01:15:29","guid":{"rendered":"http:\/\/www.sanchezconsultores.com.mx\/?page_id=58"},"modified":"2014-04-01T14:48:23","modified_gmt":"2014-04-01T20:48:23","slug":"fiscal","status":"publish","type":"page","link":"https:\/\/www.sanchezconsultores.com.mx\/?page_id=58","title":{"rendered":"Fiscal"},"content":{"rendered":"<style type=\"text\/css\">\n.sanchez {\nfont-size:20px;\nfont-style: normal;\ncolor: #ffffff;\nbackground-color: #000000;\nfont-family: Poiret One;\nfont-weight: normal;\n}<\/p>\n<p>.sanchezT {\ncolor: #ffffff;\nfont-style: bold;\nbackground-color: #000000;\nfont-family: Poiret One;\n}\n.espacio{\ncolor: #000000;\nbackground-color: #000000;\n}\n<\/style>\n<h3 class=\"sanchez\">Asesor\u00eda fiscal para operaciones de sociedades mercantiles, civiles y personas f\u00edsicas; en todos los aspectos del sistema impositivo mexicano; S\u00e1nchez &amp; S\u00e1nchez te ofrece un diagn\u00f3stico de cumplimiento de obligaciones fiscales que se requieren de acuerdo al modelo de negocios aplicable en cada caso particular.<\/p>\n<\/h3>\n<h3 class=\"sanchez\">Servicios de consultor\u00eda fiscal; as\u00ed como en Derecho Aduanero, comercio exterior y litigio fiscal ante tribunales federales y locales.<\/p>\n<\/h3>\n<h3 class=\"sanchez\">Atenci\u00f3n y seguimiento de las facultades de verificaci\u00f3n que las autoridades hacendar\u00edas federales y\/o\u00a0 locales\u00a0 ejecuten en revisi\u00f3n sobre tu empresa.<\/p>\n<\/h3>\n<h3 class=\"sanchez\"><a href=\"http:\/\/www.sanchezconsultores.com.mx\/?page_id=42\" title=\"\u00c1reas de practica\">Regresar<\/a><\/h3>\n","protected":false},"excerpt":{"rendered":"<p>Asesor\u00eda fiscal para operaciones de sociedades mercantiles, civiles y personas f\u00edsicas; en todos los aspectos del sistema impositivo mexicano; S\u00e1nchez &amp; S\u00e1nchez te ofrece un diagn\u00f3stico de cumplimiento de obligaciones fiscales que se requieren de acuerdo al modelo de negocios aplicable en cada caso particular. Servicios de consultor\u00eda fiscal; as\u00ed como en Derecho Aduanero, comercio &hellip; <\/p>\n<p class=\"link-more\"><a href=\"https:\/\/www.sanchezconsultores.com.mx\/?page_id=58\" class=\"more-link\">Continuar leyendo<span class=\"screen-reader-text\"> \u00abFiscal\u00bb<\/span><\/a><\/p>\n","protected":false},"author":1,"featured_media":0,"parent":42,"menu_order":2,"comment_status":"closed","ping_status":"closed","template":"","meta":{"footnotes":""},"class_list":["post-58","page","type-page","status-publish","hentry"],"_links":{"self":[{"href":"https:\/\/www.sanchezconsultores.com.mx\/index.php?rest_route=\/wp\/v2\/pages\/58","targetHints":{"allow":["GET"]}}],"collection":[{"href":"https:\/\/www.sanchezconsultores.com.mx\/index.php?rest_route=\/wp\/v2\/pages"}],"about":[{"href":"https:\/\/www.sanchezconsultores.com.mx\/index.php?rest_route=\/wp\/v2\/types\/page"}],"author":[{"embeddable":true,"href":"https:\/\/www.sanchezconsultores.com.mx\/index.php?rest_route=\/wp\/v2\/users\/1"}],"replies":[{"embeddable":true,"href":"https:\/\/www.sanchezconsultores.com.mx\/index.php?rest_route=%2Fwp%2Fv2%2Fcomments&post=58"}],"version-history":[{"count":6,"href":"https:\/\/www.sanchezconsultores.com.mx\/index.php?rest_route=\/wp\/v2\/pages\/58\/revisions"}],"predecessor-version":[{"id":291,"href":"https:\/\/www.sanchezconsultores.com.mx\/index.php?rest_route=\/wp\/v2\/pages\/58\/revisions\/291"}],"up":[{"embeddable":true,"href":"https:\/\/www.sanchezconsultores.com.mx\/index.php?rest_route=\/wp\/v2\/pages\/42"}],"wp:attachment":[{"href":"https:\/\/www.sanchezconsultores.com.mx\/index.php?rest_route=%2Fwp%2Fv2%2Fmedia&parent=58"}],"curies":[{"name":"wp","href":"https:\/\/api.w.org\/{rel}","templated":true}]}}