{"id":63,"date":"2014-01-23T19:39:52","date_gmt":"2014-01-24T01:39:52","guid":{"rendered":"http:\/\/www.sanchezconsultores.com.mx\/?page_id=63"},"modified":"2014-04-03T09:17:01","modified_gmt":"2014-04-03T15:17:01","slug":"corporativo","status":"publish","type":"page","link":"https:\/\/www.sanchezconsultores.com.mx\/?page_id=63","title":{"rendered":"Corporativo"},"content":{"rendered":"<style type=\"text\/css\">\n.sanchez {\nfont-size:20px;\nfont-style: normal;\ncolor: #ffffff;\nbackground-color: #000000;\nfont-family: Poiret One;\nfont-weight: normal;\n}<\/p>\n<p>.sanchezT {\ncolor: #ffffff;\nfont-style: bold;\nbackground-color: #000000;\nfont-family: Poiret One;\n}\n.espacio{\ncolor: #000000;\nbackground-color: #000000;\nfont-size:14px;\n}\n<\/style>\n<h3 class=\"sanchez\">Es indispensable para el \u00e9xito de los negocios, que toda persona moral encuentre el modelo legal adecuado que se ajuste al objetivo buscado; por lo que, se debe asegurar que desde la constituci\u00f3n no se vaya a restringir el actuar tanto del ente jur\u00eddico como de sus administradores y \u00f3rganos de gobierno; asimismo se debe dar las herramientas necesarias para el correcto y preciso manejo de los bienes de la sociedad, Procurando que el flujo sea ideal para las operaciones y no crear lastres administrativos; finalmente las obligaciones legales, ante terceros y las autoridades requieren de ciertos protocolos que deben realizarse en asambleas.<\/h3>\n<h3 class=\"sanchez\">S\u00e1nchez &amp; S\u00e1nchez te brindar\u00e1 la asesor\u00eda puntual para el cumplimiento de esa serie de obligaciones legales a las que se debe acotar toda constituci\u00f3n, administraci\u00f3n y gobierno de la persona moral; y nuestra experiencia en negocios te garantiza que situaremos exitosamente, tu modelo ejecutivo empresarial, en idioma jur\u00eddico.<\/h3>\n<h3 class=\"sanchez\"><a href=\"http:\/\/www.sanchezconsultores.com.mx\/?page_id=42\" title=\"\u00c1reas de practica\">Regresar<\/a><\/h3>\n","protected":false},"excerpt":{"rendered":"<p>Es indispensable para el \u00e9xito de los negocios, que toda persona moral encuentre el modelo legal adecuado que se ajuste al objetivo buscado; por lo que, se debe asegurar que desde la constituci\u00f3n no se vaya a restringir el actuar tanto del ente jur\u00eddico como de sus administradores y \u00f3rganos de gobierno; asimismo se debe &hellip; <\/p>\n<p class=\"link-more\"><a href=\"https:\/\/www.sanchezconsultores.com.mx\/?page_id=63\" class=\"more-link\">Continuar leyendo<span class=\"screen-reader-text\"> \u00abCorporativo\u00bb<\/span><\/a><\/p>\n","protected":false},"author":1,"featured_media":0,"parent":42,"menu_order":1,"comment_status":"closed","ping_status":"closed","template":"","meta":{"footnotes":""},"class_list":["post-63","page","type-page","status-publish","hentry"],"_links":{"self":[{"href":"https:\/\/www.sanchezconsultores.com.mx\/index.php?rest_route=\/wp\/v2\/pages\/63","targetHints":{"allow":["GET"]}}],"collection":[{"href":"https:\/\/www.sanchezconsultores.com.mx\/index.php?rest_route=\/wp\/v2\/pages"}],"about":[{"href":"https:\/\/www.sanchezconsultores.com.mx\/index.php?rest_route=\/wp\/v2\/types\/page"}],"author":[{"embeddable":true,"href":"https:\/\/www.sanchezconsultores.com.mx\/index.php?rest_route=\/wp\/v2\/users\/1"}],"replies":[{"embeddable":true,"href":"https:\/\/www.sanchezconsultores.com.mx\/index.php?rest_route=%2Fwp%2Fv2%2Fcomments&post=63"}],"version-history":[{"count":23,"href":"https:\/\/www.sanchezconsultores.com.mx\/index.php?rest_route=\/wp\/v2\/pages\/63\/revisions"}],"predecessor-version":[{"id":303,"href":"https:\/\/www.sanchezconsultores.com.mx\/index.php?rest_route=\/wp\/v2\/pages\/63\/revisions\/303"}],"up":[{"embeddable":true,"href":"https:\/\/www.sanchezconsultores.com.mx\/index.php?rest_route=\/wp\/v2\/pages\/42"}],"wp:attachment":[{"href":"https:\/\/www.sanchezconsultores.com.mx\/index.php?rest_route=%2Fwp%2Fv2%2Fmedia&parent=63"}],"curies":[{"name":"wp","href":"https:\/\/api.w.org\/{rel}","templated":true}]}}